{"id":65336,"date":"2025-04-05T11:13:44","date_gmt":"2025-04-05T09:13:44","guid":{"rendered":"https:\/\/www.veroma-modellbau.eu\/shop\/tieflader-radnabe\/"},"modified":"2025-09-02T11:56:14","modified_gmt":"2025-09-02T09:56:14","slug":"tieflader-radnabe","status":"publish","type":"product","link":"https:\/\/www.veroma-modellbau.eu\/en\/shop\/tieflader-radnabe\/","title":{"rendered":"Low loader wheel hub"},"content":{"rendered":"<p><strong>Low loader wheel hub<\/strong>, scale 1\/8, wheel hub and hub cap turned from aluminum, 10 threaded holes M3, 2x ball bearing seat 13 \u00d8, hub cap removable, brake drum indicated, dimensions: total length 55mm, \u00d8 drum 45mm, \u00d8 hub 22mm, bolt circle 28mm, contents: 1x wheel hub, 1x hub cap, 1x O-ring<\/p>\n<p><strong>Attention! Not suitable for children under 14 years.<\/strong><\/p>\n","protected":false},"excerpt":{"rendered":"<p><strong>Low loader wheel hub<\/strong>, scale 1\/8, wheel hub and hub cap turned from aluminum, 10 threaded holes M3, 2x ball bearing seat 13 \u00d8, hub cap removable, brake drum indicated, dimensions: total length 55mm, \u00d8 drum 45mm, \u00d8 hub 22mm, bolt circle 28mm, contents: 1x wheel hub, 1x hub cap, 1x O-ring<\/p>\n<p><strong>Attention! Not suitable for children under 14 years.<\/strong><\/p>\n<p>item code: 220935<\/p>\n","protected":false},"featured_media":65329,"comment_status":"open","ping_status":"closed","template":"","meta":[],"product_brand":[],"product_cat":[978,1008],"product_tag":[],"class_list":{"0":"post-65336","1":"product","2":"type-product","3":"status-publish","4":"has-post-thumbnail","6":"product_cat-truck-tires-rims-scale-1-8","7":"product_cat-new-products","9":"first","10":"instock","11":"taxable","12":"shipping-taxable","13":"purchasable","14":"product-type-simple"},"_links":{"self":[{"href":"https:\/\/www.veroma-modellbau.eu\/en\/wp-json\/wp\/v2\/product\/65336","targetHints":{"allow":["GET"]}}],"collection":[{"href":"https:\/\/www.veroma-modellbau.eu\/en\/wp-json\/wp\/v2\/product"}],"about":[{"href":"https:\/\/www.veroma-modellbau.eu\/en\/wp-json\/wp\/v2\/types\/product"}],"replies":[{"embeddable":true,"href":"https:\/\/www.veroma-modellbau.eu\/en\/wp-json\/wp\/v2\/comments?post=65336"}],"wp:featuredmedia":[{"embeddable":true,"href":"https:\/\/www.veroma-modellbau.eu\/en\/wp-json\/wp\/v2\/media\/65329"}],"wp:attachment":[{"href":"https:\/\/www.veroma-modellbau.eu\/en\/wp-json\/wp\/v2\/media?parent=65336"}],"wp:term":[{"taxonomy":"product_brand","embeddable":true,"href":"https:\/\/www.veroma-modellbau.eu\/en\/wp-json\/wp\/v2\/product_brand?post=65336"},{"taxonomy":"product_cat","embeddable":true,"href":"https:\/\/www.veroma-modellbau.eu\/en\/wp-json\/wp\/v2\/product_cat?post=65336"},{"taxonomy":"product_tag","embeddable":true,"href":"https:\/\/www.veroma-modellbau.eu\/en\/wp-json\/wp\/v2\/product_tag?post=65336"}],"curies":[{"name":"wp","href":"https:\/\/api.w.org\/{rel}","templated":true}]}}