{"id":58070,"date":"2016-11-17T16:42:46","date_gmt":"2016-11-17T15:42:46","guid":{"rendered":"https:\/\/www.veromashop.de\/produkt\/1-14-driven-front-axle-with-self-locking-differential\/"},"modified":"2025-09-03T10:44:40","modified_gmt":"2025-09-03T08:44:40","slug":"1-14-driven-front-axle-with-self-locking-differential","status":"publish","type":"product","link":"https:\/\/www.veroma-modellbau.eu\/en\/shop\/1-14-driven-front-axle-with-self-locking-differential\/","title":{"rendered":"1\/14 driven front axle with self-locking differential"},"content":{"rendered":"<p><strong><span id=\"result_box\"><span style=\"box-sizing: border-box; margin: 0px; padding: 0px;\" title=\"1\/14 angetriebene Vorderachse mit selbstsperrenden Differential&lt;br \/&gt; &lt;br \/&gt; \">1\/14 driven front axle with self-locking differential<\/span><\/span><\/strong><\/p>\n<p><span id=\"result_box\"><span title=\"Das CARSON Antriebskonzept f\u00fcr TAMIYA\u00ae Trucks im Ma\u00dfstab 1:14.\">The CARSON drive concept for TAMIYA\u00ae Trucks in 1:14 scale.\u00a0<\/span><span title=\"R\u00fcsten Sie Ihre TAMIYA 2- oder 3-Achs TAMIYA Zugmaschine zum Allrad-Allesk\u00f6nner mit unseren selbstsperrenden Achsen um.\">Equip your TAMIYA 2- or 3-axis TAMIYA tractor to the all-wheel all-wheel drive with our self-locking axles.\u00a0<\/span><span title=\"Die Komponen ten k\u00f6nnen leicht ausgetauscht werden, da diese an den bestehenden Montagepunkten angebaut werden.\">The components can be easily replaced, as these are installed at the existing mounting points.\u00a0<\/span><span title=\"Ein riesen Vorteil dieser Achsen ist, es wird kein weiterer Platz f\u00fcr ein Schaltservo (Anlenkungen und Bowdenz\u00fcge) ben\u00f6tigt, da diese bei einem Traktionsverlust sel bstst\u00e4ndig\/automatisch sperrt.\">A great advantage of these axles is that no further space is required for a shift servo (linkages and bowden cables), since this automatically locks automatically \/ automatically in case of a traction loss.\u00a0<\/span><span style=\"box-sizing: border-box; margin: 0px; padding: 0px;\" title=\"Offiziell lizensiert durch ZF Friedrichshafen AG.&lt;br \/&gt; &lt;br \/&gt; \">Officially licensed by ZF Friedrichshafen AG.<\/span><\/span><\/p>\n<p><span title=\"Die Achse ist mit einem selbstsperrenden Differenzial ausgestattet und kann sowohl mit und ohne Durchtrieb gebaut werden, es sind beide Wellen und Geh\u00e4usedeckel im Lieferumfang enthalten.\">The axle is equipped with a self-locking differential and can be built either with or without throughput, both shafts and housing covers are included.\u00a0<\/span><span title=\"Bei einem Traktionsverlust, sperrt das Differenzial selbstst\u00e4ndig\/automatisch und generiert 100% Traktion.\">With a traction loss, the differential locks automatically \/ automatically and generates 100% traction.\u00a0<\/span><span title=\"Ein gro\u00dfer Vorteil dieser Antriebsachse ist, dass KEINE Schaltservos, Bowdenz\u00fcge und Anlenkungen f\u00fcr die Differenzialsperren ben\u00f6tigt werden, dies kommt auch der \u00dcbersichtlichkeit und dem Platzangebot im Fahrgestell zugute.\">A major advantage of this drive axle is that NO shifter servos, Bowden cables and linkages are required for the differential locks, which also benefits the clarity and space offer in the chassis.\u00a0<\/span><span style=\"box-sizing: border-box; margin: 0px; padding: 0px;\" title=\"Die Achskomponenten sind in einem hochbelastbaren verst\u00e4rkten Kunststoffachsgeh\u00e4use untergebracht und f\u00fcr jeden Baustelleneinsatz bestens ger\u00fcstet.&lt;br \/&gt; &lt;br \/&gt; \">The axle components are housed in a high-load-bearing reinforced plastic axle housing and are ideally suited for every construction site application.<\/span><\/p>\n<p><span style=\"box-sizing: border-box; margin: 0px; padding: 0px;\" title=\"\u2022 Detailgetreu nachempfundene Vorderachse&lt;br \/&gt; &lt;br \/&gt; \">\u2022 The front axle is modeled in detail<\/span><\/p>\n<p><span style=\"box-sizing: border-box; margin: 0px; padding: 0px;\" title=\"\u2022 Verst\u00e4rktes Kunststoffachsgeh\u00e4use&lt;br \/&gt; &lt;br \/&gt; \">\u2022 Reinforced plastic axle housing<\/span><\/p>\n<p><span style=\"box-sizing: border-box; margin: 0px; padding: 0px;\" title=\"\u2022 CNC gefr\u00e4ste Aluminium Achsschenkel-\/Lenkhebel&lt;br \/&gt; &lt;br \/&gt; \">\u2022 CNC machined aluminum stub \/ steering lever<\/span><\/p>\n<p><span style=\"box-sizing: border-box; margin: 0px; padding: 0px;\" title=\"\u2022 Hohe Bodenfreiheit durch ein \u201eschlankes&quot; Differenzialgeh\u00e4use (H\u00f6he 33 mm)&lt;br \/&gt; &lt;br \/&gt; \">\u2022 High ground clearance thanks to a &#8220;slim&#8221; differential housing (height 33 mm)<\/span><\/p>\n<p><span style=\"box-sizing: border-box; margin: 0px; padding: 0px;\" title=\"\u2022 16-fach Kugelgelagert&lt;br \/&gt; &lt;br \/&gt; \">\u2022 16-way ball bearing<\/span><\/p>\n<p><span style=\"box-sizing: border-box; margin: 0px; padding: 0px;\" title=\"\u2022 Selbstsperrendes Differenzial (Schaltservo, Anlenkungen und Bowdenz\u00fcge werden nicht ben\u00f6tigt)&lt;br \/&gt; &lt;br \/&gt; \">\u2022 Self-locking differential (shifter servo, linkages and Bowden cables are not required)<\/span><\/p>\n<p><span style=\"box-sizing: border-box; margin: 0px; padding: 0px;\" title=\"\u2022 Geh\u00e4rtete Stahlkegelr\u00e4der&lt;br \/&gt; &lt;br \/&gt; \">\u2022 Hardened steel bevel gears<\/span><\/p>\n<p><span style=\"box-sizing: border-box; margin: 0px; padding: 0px;\" title=\"\u2022 Achs\u00fcbersetzung 1:2,66&lt;br \/&gt; &lt;br \/&gt; \">\u2022 Axis ratio 1: 2.66<\/span><\/p>\n<p><span style=\"box-sizing: border-box; margin: 0px; padding: 0px;\" title=\"\u2022 Maximaler Lenkeinschlag 42\u00b0&lt;br \/&gt; &lt;br \/&gt; \">\u2022 Maximum steering angle 42 \u00b0<\/span><\/p>\n<p><span style=\"box-sizing: border-box; margin: 0px; padding: 0px;\" title=\"\u2022 5 mm Getriebe-\/Eingangswelle&lt;br \/&gt; &lt;br \/&gt; \">\u2022 5 mm transmission \/ input shaft<\/span><\/p>\n<p><span style=\"box-sizing: border-box; margin: 0px; padding: 0px;\" title=\"\u2022 Aluminium Felgenmitnehmer 12 mm Sechskant&lt;br \/&gt; &lt;br \/&gt; \">\u2022 Aluminum rim driver 12 mm hexagonal<\/span><\/p>\n<p><span style=\"box-sizing: border-box; margin: 0px; padding: 0px;\" title=\"\u2022 Einfacher Umbau zur Achse mit und ohne Durchtrieb (beide Wellen und Geh\u00e4usedeckel sind im Bausatz enthalten)&lt;br \/&gt; &lt;br \/&gt; \">\u2022 Simple conversion to the axis with and without through-feed (both shafts and housing covers are included in the kit)<\/span><\/p>\n<p><span style=\"box-sizing: border-box; margin: 0px; padding: 0px;\" title=\"\u2022 Abmessungen Vorderachse LxBxH: 44 x 160 x 33 mm&lt;br \/&gt; &lt;br \/&gt; \">\u2022 Dimensions front axle LxBxH: 44 x 160 x 33 mm<\/span><\/p>\n<p><span style=\"box-sizing: border-box; margin: 0px; padding: 0px;\" title=\"\u2022 Gewicht ca. 175 g&lt;br \/&gt; &lt;br \/&gt; \">\u2022 Weight approx. 175 g<\/span><\/p>\n<p><span title=\"\u2022 Passende Aluminiumfelgen (vorn angetrieben) Art.-Nr.\">\u2022 Matching aluminum rims (front driven) Art.-No.\u00a0<\/span><span style=\"box-sizing: border-box; margin: 0px; padding: 0px;\" title=\"907272 10-Loch Design schmale Ausf\u00fchrung und 907278 10-Loch Design breite Ausf\u00fchrung&lt;br \/&gt; &lt;br \/&gt; \">907272 10-hole design narrow design and 907278 10-hole design wide design<\/span><\/p>\n<p><span style=\"box-sizing: border-box; margin: 0px; padding: 0px;\" title=\"12 (mm Sechskantmitnehmer)&lt;br \/&gt; &lt;br \/&gt; \">12 (mm hex wrench)<\/span><\/p>\n<p><span title=\"\u2022 Inkl.\">\u2022 Incl.\u00a0<\/span><span style=\"box-sizing: border-box; margin: 0px; padding: 0px;\" title=\"Spurstange&lt;br \/&gt; &lt;br \/&gt; \">Tie rod<\/span><\/p>\n<p><span style=\"box-sizing: border-box; margin: 0px; padding: 0px;\" title=\"\u2022 Zur Montage der AG-Vorderachse wird der Einbausatz (907280) ben\u00f6tigt&lt;br \/&gt; &lt;br \/&gt; \">\u2022 The mounting kit (907280) is required to mount the front axle<\/span><\/p>\n","protected":false},"excerpt":{"rendered":"<p><strong><span id=\"result_box\"><span style=\"box-sizing: border-box; margin: 0px; padding: 0px;\" title=\"1\/14 angetriebene Vorderachse mit selbstsperrenden Differential&lt;br \/&gt; &lt;br \/&gt; \">1\/14 driven front axle with self-locking differential<\/span><\/span><\/strong><\/p>\n<p><span id=\"result_box\"><span title=\"Das CARSON Antriebskonzept f\u00fcr TAMIYA\u00ae Trucks im Ma\u00dfstab 1:14.\">The CARSON drive concept for TAMIYA\u00ae Trucks in 1:14 scale.\u00a0<\/span><span title=\"R\u00fcsten Sie Ihre TAMIYA 2- oder 3-Achs TAMIYA Zugmaschine zum Allrad-Allesk\u00f6nner mit unseren selbstsperrenden Achsen um.\">Equip your TAMIYA 2- or 3-axis TAMIYA tractor to the all-wheel all-wheel drive with our self-locking axles.\u00a0<\/span><span title=\"Die Komponen ten k\u00f6nnen leicht ausgetauscht werden, da diese an den bestehenden Montagepunkten angebaut werden.\">The components can be easily replaced, as these are installed at the existing mounting points.\u00a0<\/span><span title=\"Ein riesen Vorteil dieser Achsen ist, es wird kein weiterer Platz f\u00fcr ein Schaltservo (Anlenkungen und Bowdenz\u00fcge) ben\u00f6tigt, da diese bei einem Traktionsverlust sel bstst\u00e4ndig\/automatisch sperrt.\">A great advantage of these axles is that no further space is required for a shift servo (linkages and bowden cables), since this automatically locks automatically \/ automatically in case of a traction loss.\u00a0<\/span><span style=\"box-sizing: border-box; margin: 0px; padding: 0px;\" title=\"Offiziell lizensiert durch ZF Friedrichshafen AG.&lt;br \/&gt; &lt;br \/&gt; \">Officially licensed by ZF Friedrichshafen AG.<\/span><\/span><\/p>\n<p><span title=\"Die Achse ist mit einem selbstsperrenden Differenzial ausgestattet und kann sowohl mit und ohne Durchtrieb gebaut werden, es sind beide Wellen und Geh\u00e4usedeckel im Lieferumfang enthalten.\">The axle is equipped with a self-locking differential and can be built either with or without throughput, both shafts and housing covers are included.\u00a0<\/span><span title=\"Bei einem Traktionsverlust, sperrt das Differenzial selbstst\u00e4ndig\/automatisch und generiert 100% Traktion.\">With a traction loss, the differential locks automatically \/ automatically and generates 100% traction.\u00a0<\/span><span title=\"Ein gro\u00dfer Vorteil dieser Antriebsachse ist, dass KEINE Schaltservos, Bowdenz\u00fcge und Anlenkungen f\u00fcr die Differenzialsperren ben\u00f6tigt werden, dies kommt auch der \u00dcbersichtlichkeit und dem Platzangebot im Fahrgestell zugute.\">A major advantage of this drive axle is that NO shifter servos, Bowden cables and linkages are required for the differential locks, which also benefits the clarity and space offer in the chassis.\u00a0<\/span><span style=\"box-sizing: border-box; margin: 0px; padding: 0px;\" title=\"Die Achskomponenten sind in einem hochbelastbaren verst\u00e4rkten Kunststoffachsgeh\u00e4use untergebracht und f\u00fcr jeden Baustelleneinsatz bestens ger\u00fcstet.&lt;br \/&gt; &lt;br \/&gt; \">The axle components are housed in a high-load-bearing reinforced plastic axle housing and are ideally suited for every construction site application.<\/span><\/p>\n<p><span style=\"box-sizing: border-box; margin: 0px; padding: 0px;\" title=\"\u2022 Detailgetreu nachempfundene Vorderachse&lt;br \/&gt; &lt;br \/&gt; \">\u2022 The front axle is modeled in detail<\/span><\/p>\n<p><span style=\"box-sizing: border-box; margin: 0px; padding: 0px;\" title=\"\u2022 Verst\u00e4rktes Kunststoffachsgeh\u00e4use&lt;br \/&gt; &lt;br \/&gt; \">\u2022 Reinforced plastic axle housing<\/span><\/p>\n<p><span style=\"box-sizing: border-box; margin: 0px; padding: 0px;\" title=\"\u2022 CNC gefr\u00e4ste Aluminium Achsschenkel-\/Lenkhebel&lt;br \/&gt; &lt;br \/&gt; \">\u2022 CNC machined aluminum stub \/ steering lever<\/span><\/p>\n<p><span style=\"box-sizing: border-box; margin: 0px; padding: 0px;\" title=\"\u2022 Hohe Bodenfreiheit durch ein \u201eschlankes&quot; Differenzialgeh\u00e4use (H\u00f6he 33 mm)&lt;br \/&gt; &lt;br \/&gt; \">\u2022 High ground clearance thanks to a &#8220;slim&#8221; differential housing (height 33 mm)<\/span><\/p>\n<p><span style=\"box-sizing: border-box; margin: 0px; padding: 0px;\" title=\"\u2022 16-fach Kugelgelagert&lt;br \/&gt; &lt;br \/&gt; \">\u2022 16-way ball bearing<\/span><\/p>\n<p><span style=\"box-sizing: border-box; margin: 0px; padding: 0px;\" title=\"\u2022 Selbstsperrendes Differenzial (Schaltservo, Anlenkungen und Bowdenz\u00fcge werden nicht ben\u00f6tigt)&lt;br \/&gt; &lt;br \/&gt; \">\u2022 Self-locking differential (shifter servo, linkages and Bowden cables are not required)<\/span><\/p>\n<p><span style=\"box-sizing: border-box; margin: 0px; padding: 0px;\" title=\"\u2022 Geh\u00e4rtete Stahlkegelr\u00e4der&lt;br \/&gt; &lt;br \/&gt; \">\u2022 Hardened steel bevel gears<\/span><\/p>\n<p><span style=\"box-sizing: border-box; margin: 0px; padding: 0px;\" title=\"\u2022 Achs\u00fcbersetzung 1:2,66&lt;br \/&gt; &lt;br \/&gt; \">\u2022 Axis ratio 1: 2.66<\/span><\/p>\n<p><span style=\"box-sizing: border-box; margin: 0px; padding: 0px;\" title=\"\u2022 Maximaler Lenkeinschlag 42\u00b0&lt;br \/&gt; &lt;br \/&gt; \">\u2022 Maximum steering angle 42 \u00b0<\/span><\/p>\n<p><span style=\"box-sizing: border-box; margin: 0px; padding: 0px;\" title=\"\u2022 5 mm Getriebe-\/Eingangswelle&lt;br \/&gt; &lt;br \/&gt; \">\u2022 5 mm transmission \/ input shaft<\/span><\/p>\n<p><span style=\"box-sizing: border-box; margin: 0px; padding: 0px;\" title=\"\u2022 Aluminium Felgenmitnehmer 12 mm Sechskant&lt;br \/&gt; &lt;br \/&gt; \">\u2022 Aluminum rim driver 12 mm hexagonal<\/span><\/p>\n<p><span style=\"box-sizing: border-box; margin: 0px; padding: 0px;\" title=\"\u2022 Einfacher Umbau zur Achse mit und ohne Durchtrieb (beide Wellen und Geh\u00e4usedeckel sind im Bausatz enthalten)&lt;br \/&gt; &lt;br \/&gt; \">\u2022 Simple conversion to the axis with and without through-feed (both shafts and housing covers are included in the kit)<\/span><\/p>\n<p><span style=\"box-sizing: border-box; margin: 0px; padding: 0px;\" title=\"\u2022 Abmessungen Vorderachse LxBxH: 44 x 160 x 33 mm&lt;br \/&gt; &lt;br \/&gt; \">\u2022 Dimensions front axle LxBxH: 44 x 160 x 33 mm<\/span><\/p>\n<p><span style=\"box-sizing: border-box; margin: 0px; padding: 0px;\" title=\"\u2022 Gewicht ca. 175 g&lt;br \/&gt; &lt;br \/&gt; \">\u2022 Weight approx. 175 g<\/span><\/p>\n<p><span title=\"\u2022 Passende Aluminiumfelgen (vorn angetrieben) Art.-Nr.\">\u2022 Matching aluminum rims (front driven) Art.-No.\u00a0<\/span><span style=\"box-sizing: border-box; margin: 0px; padding: 0px;\" title=\"907272 10-Loch Design schmale Ausf\u00fchrung und 907278 10-Loch Design breite Ausf\u00fchrung&lt;br \/&gt; &lt;br \/&gt; \">907272 10-hole design narrow design and 907278 10-hole design wide design<\/span><\/p>\n<p><span style=\"box-sizing: border-box; margin: 0px; padding: 0px;\" title=\"12 (mm Sechskantmitnehmer)&lt;br \/&gt; &lt;br \/&gt; \">12 (mm hex wrench)<\/span><\/p>\n<p><span title=\"\u2022 Inkl.\">\u2022 Incl.\u00a0<\/span><span style=\"box-sizing: border-box; margin: 0px; padding: 0px;\" title=\"Spurstange&lt;br \/&gt; &lt;br \/&gt; \">Tie rod<\/span><\/p>\n<p><span style=\"box-sizing: border-box; margin: 0px; padding: 0px;\" title=\"\u2022 Zur Montage der AG-Vorderachse wird der Einbausatz (907280) ben\u00f6tigt&lt;br \/&gt; &lt;br \/&gt; \">\u2022 The mounting kit (907280) is required to mount the front axle<\/span><\/p>\n<p><span style=\"box-sizing: border-box; margin: 0px; padding: 0px;\" title=\"\u2022 Zur Montage der AG-Vorderachse wird der Einbausatz (907280) ben\u00f6tigt&lt;br \/&gt; &lt;br \/&gt; \">item code 907267<\/span><\/p>\n<p><a href=\"https:\/\/veroma-modellbau.eu\/datenblaetter_pdf\/907267 1zu14 vorderachse angetrieben_m_sperre.pdf\" target=\"_blank\" rel=\"noopener\"><img decoding=\"async\" class=\"alignnone size-full wp-image-60659\" src=\"https:\/\/www.veroma-modellbau.eu\/wp-content\/uploads\/2017\/06\/pdf_datenblatt_de.png\" alt=\"\" width=\"60\" height=\"89\" \/><\/a><\/p>\n","protected":false},"featured_media":57294,"comment_status":"open","ping_status":"closed","template":"","meta":[],"product_brand":[],"product_cat":[986,989],"product_tag":[],"class_list":{"0":"post-58070","1":"product","2":"type-product","3":"status-publish","4":"has-post-thumbnail","6":"product_cat-truck-parts-scale-1-14","7":"product_cat-truck-axles-scale-1-14-en","8":"pa_delivery_time-approx-2-3-days","10":"first","11":"instock","12":"taxable","13":"shipping-taxable","14":"purchasable","15":"product-type-simple"},"_links":{"self":[{"href":"https:\/\/www.veroma-modellbau.eu\/en\/wp-json\/wp\/v2\/product\/58070","targetHints":{"allow":["GET"]}}],"collection":[{"href":"https:\/\/www.veroma-modellbau.eu\/en\/wp-json\/wp\/v2\/product"}],"about":[{"href":"https:\/\/www.veroma-modellbau.eu\/en\/wp-json\/wp\/v2\/types\/product"}],"replies":[{"embeddable":true,"href":"https:\/\/www.veroma-modellbau.eu\/en\/wp-json\/wp\/v2\/comments?post=58070"}],"wp:featuredmedia":[{"embeddable":true,"href":"https:\/\/www.veroma-modellbau.eu\/en\/wp-json\/wp\/v2\/media\/57294"}],"wp:attachment":[{"href":"https:\/\/www.veroma-modellbau.eu\/en\/wp-json\/wp\/v2\/media?parent=58070"}],"wp:term":[{"taxonomy":"product_brand","embeddable":true,"href":"https:\/\/www.veroma-modellbau.eu\/en\/wp-json\/wp\/v2\/product_brand?post=58070"},{"taxonomy":"product_cat","embeddable":true,"href":"https:\/\/www.veroma-modellbau.eu\/en\/wp-json\/wp\/v2\/product_cat?post=58070"},{"taxonomy":"product_tag","embeddable":true,"href":"https:\/\/www.veroma-modellbau.eu\/en\/wp-json\/wp\/v2\/product_tag?post=58070"}],"curies":[{"name":"wp","href":"https:\/\/api.w.org\/{rel}","templated":true}]}}