{"id":58069,"date":"2016-11-17T16:34:11","date_gmt":"2016-11-17T15:34:11","guid":{"rendered":"https:\/\/www.veromashop.de\/produkt\/1-14-rear-axle-w-diff-lock-fixed-drive\/"},"modified":"2024-10-11T01:56:58","modified_gmt":"2024-10-10T23:56:58","slug":"1-14-rear-axle-w-diff-lock-fixed-drive","status":"publish","type":"product","link":"https:\/\/www.veroma-modellbau.eu\/en\/shop\/1-14-rear-axle-w-diff-lock-fixed-drive\/","title":{"rendered":"1\/14 Rear axle w\/Diff.-Lock&#038;fixed drive"},"content":{"rendered":"<p><strong>1\/14 Rear axle w\/Diff.-Lock&amp;fixed drive<\/strong><\/p>\n<p><strong><span id=\"result_box\"><span style=\"box-sizing: border-box; margin: 0px; padding: 0px;\" title=\"Offiziell lizensiert durch ZF Friedrichshafen AG.&lt;br \/&gt; &lt;br \/&gt; \">Official licensed by ZF Friedrichshafen AG.<\/span><\/span><\/strong><\/p>\n<p><span id=\"result_box\"><span style=\"box-sizing: border-box; margin: 0px; padding: 0px;\" title=\"Das CARSON Antriebskonzept f\u00fcr TAMIYA Trucks im Ma\u00dfstab 1:14&lt;br \/&gt; \">The CARSON drive concept for TAMIYA trucks in 1:14 scale<br \/>\n<\/span><\/span><span id=\"result_box\"><span title=\"R\u00fcsten Sie Ihre TAMIYA 2- oder 3-Achs TAMIYA Zugmaschine zum Allrad-Allesk\u00f6nner mit unseren selbstsperrenden Achsen um.\">Equip your TAMIYA 2- or 3-axis TAMIYA tractor to the all-wheel all-wheel drive with our self-locking axles.\u00a0<\/span><span title=\"Die Komponenten k\u00f6nnen leicht ausgetauscht werden, da diese an den bestehenden Montagepunkten angebaut werden.\">The components can be easily replaced, as these are installed at the existing mounting points.\u00a0<\/span><span title=\"Ein riesen Vorteil dieser Achsen ist, es wird kein weiterer Platz f\u00fcr ein Schaltservo (Anlenkungen und Bowdenz\u00fcge) ben\u00f6tigt, da diese bei einem Traktionsverlust selbstst\u00e4ndig\/automatisch sperrt.\">A huge advantage of these axles is that there is no need for additional space for a shift servo (linkages and bowden cables), since this automatically locks automatically \/ automatically when there is a traction loss.\u00a0<\/span><span style=\"box-sizing: border-box; margin: 0px; padding: 0px;\" title=\"Offiziell lizensiert durch ZF Friedrichshafen AG.&lt;br \/&gt; &lt;br \/&gt; \">Officially licensed by ZF Friedrichshafen AG.<\/span><\/span><\/p>\n<p><span style=\"box-sizing: border-box; margin: 0px; padding: 0px;\" title=\"- Detailgetreu nachempfundene Hinterachse&lt;br \/&gt; \">&#8211; Detailed rear axle<br \/>\n<\/span><span style=\"box-sizing: border-box; margin: 0px; padding: 0px;\" title=\"- Verst\u00e4rktes Kunststoffachsgeh\u00e4use&lt;br \/&gt; \">&#8211; Reinforced plastic axle housing<br \/>\n<\/span><span title=\"- Hohe Bodenfreiheit durch ein schlankes??\">&#8211; High ground clearance thanks to a slim?\u00a0<\/span><span style=\"box-sizing: border-box; margin: 0px; padding: 0px;\" title=\"Differenzialgeh\u00e4use (H\u00f6he 33 mm)&lt;br \/&gt; \">Differential housing (height 33 mm)<br \/>\n<\/span><span style=\"box-sizing: border-box; margin: 0px; padding: 0px;\" title=\"- 12-fach Kugelgelagert&lt;br \/&gt; \">&#8211; 12-way ball bearing<br \/>\n<\/span><span style=\"box-sizing: border-box; margin: 0px; padding: 0px;\" title=\"- Geh\u00e4rtete Stahlkegelr\u00e4der&lt;br \/&gt; \">&#8211; Hardened steel bevel gears<br \/>\n<\/span><span style=\"box-sizing: border-box; margin: 0px; padding: 0px;\" title=\"- Achs\u00fcbersetzung 1:2,66&lt;br \/&gt; \">&#8211; axle ratio 1: 2,66<br \/>\n<\/span><span style=\"box-sizing: border-box; margin: 0px; padding: 0px;\" title=\"- 5 mm Getriebe-\/Eingangswelle&lt;br \/&gt; \">&#8211; 5 mm transmission \/ input shaft<br \/>\n<\/span><span style=\"box-sizing: border-box; margin: 0px; padding: 0px;\" title=\"- Aluminium Felgenmitnehmer 12 mm Sechskant&lt;br \/&gt; \">&#8211; Aluminum rim driver 12 mm hexagon<br \/>\n<\/span><span style=\"box-sizing: border-box; margin: 0px; padding: 0px;\" title=\"- Einfacher Umbau zur Achse mit und ohne Durchtrieb (beide Wellen und Geh\u00e4usedeckel sind im Achsbausatz enthalten)&lt;br \/&gt; \">&#8211; Easy conversion to the axle with and without drive (both shafts and housing covers are included in the axle kit)<br \/>\n<\/span><span style=\"box-sizing: border-box; margin: 0px; padding: 0px;\" title=\"- Abmessungen Hinterachse LxBxH: 44 x 135 x 33 mm&lt;br \/&gt; \">&#8211; Dimensions rear axle LxBxH: 44 x 135 x 33 mm<br \/>\n<\/span><span style=\"box-sizing: border-box; margin: 0px; padding: 0px;\" title=\"- Gewicht ca. 150 g&lt;br \/&gt; \">&#8211; Weight approx. 150 g<br \/>\n<\/span><span style=\"box-sizing: border-box; margin: 0px; padding: 0px;\" title=\"- Lieferung erfolgt als Bausatz mit vormontiertem Differenzial&lt;br \/&gt; \">&#8211; Delivered as kit with pre-assembled differential<br \/>\n<\/span><span style=\"box-sizing: border-box; margin: 0px; padding: 0px;\" title=\"- Passend f\u00fcr TAMIYA Pendel- und Einzelradaufh\u00e4ngung&lt;br \/&gt; \">&#8211; Suitable for TAMIYA suspension and independent suspension<br \/>\n<\/span><span style=\"box-sizing: border-box; margin: 0px; padding: 0px;\" title=\"- Passend f\u00fcr alle TAMIYA und CARSON Truckfelgen mit 12 mm Sechskantmitnehmer&lt;br \/&gt; \">&#8211; Suitable for all TAMIYA and CARSON truck rims with 12 mm hexagonal driver<br \/>\n<\/span><span title=\"- Selbstsperrendes Differenzial (Schaltservo, Anlenkungen und Bowdenz\u00fcge werden nicht ben\u00f6tigt)\">&#8211; Self-locking differential (shifter servo, linkages and Bowden cables are not required)<\/span><\/p>\n","protected":false},"excerpt":{"rendered":"<p><strong>1\/14 Rear axle w\/Diff.-Lock&amp;fixed drive<\/strong><\/p>\n<p><strong><span id=\"result_box\"><span style=\"box-sizing: border-box; margin: 0px; padding: 0px;\" title=\"Offiziell lizensiert durch ZF Friedrichshafen AG.&lt;br \/&gt; &lt;br \/&gt; \">Official licensed by ZF Friedrichshafen AG.<\/span><\/span><\/strong><\/p>\n<p><span id=\"result_box\"><span style=\"box-sizing: border-box; margin: 0px; padding: 0px;\" title=\"Das CARSON Antriebskonzept f\u00fcr TAMIYA Trucks im Ma\u00dfstab 1:14&lt;br \/&gt; \">The CARSON drive concept for TAMIYA trucks in 1:14 scale<br \/>\n<\/span><\/span><span id=\"result_box\"><span title=\"R\u00fcsten Sie Ihre TAMIYA 2- oder 3-Achs TAMIYA Zugmaschine zum Allrad-Allesk\u00f6nner mit unseren selbstsperrenden Achsen um.\">Equip your TAMIYA 2- or 3-axis TAMIYA tractor to the all-wheel all-wheel drive with our self-locking axles.\u00a0<\/span><span title=\"Die Komponenten k\u00f6nnen leicht ausgetauscht werden, da diese an den bestehenden Montagepunkten angebaut werden.\">The components can be easily replaced, as these are installed at the existing mounting points.\u00a0<\/span><span title=\"Ein riesen Vorteil dieser Achsen ist, es wird kein weiterer Platz f\u00fcr ein Schaltservo (Anlenkungen und Bowdenz\u00fcge) ben\u00f6tigt, da diese bei einem Traktionsverlust selbstst\u00e4ndig\/automatisch sperrt.\">A huge advantage of these axles is that there is no need for additional space for a shift servo (linkages and bowden cables), since this automatically locks automatically \/ automatically when there is a traction loss.\u00a0<\/span><span style=\"box-sizing: border-box; margin: 0px; padding: 0px;\" title=\"Offiziell lizensiert durch ZF Friedrichshafen AG.&lt;br \/&gt; &lt;br \/&gt; \">Officially licensed by ZF Friedrichshafen AG.<\/span><\/span><\/p>\n<p><span style=\"box-sizing: border-box; margin: 0px; padding: 0px;\" title=\"- Detailgetreu nachempfundene Hinterachse&lt;br \/&gt; \">&#8211; Detailed rear axle<br \/>\n<\/span><span style=\"box-sizing: border-box; margin: 0px; padding: 0px;\" title=\"- Verst\u00e4rktes Kunststoffachsgeh\u00e4use&lt;br \/&gt; \">&#8211; Reinforced plastic axle housing<br \/>\n<\/span><span title=\"- Hohe Bodenfreiheit durch ein schlankes??\">&#8211; High ground clearance thanks to a slim?\u00a0<\/span><span style=\"box-sizing: border-box; margin: 0px; padding: 0px;\" title=\"Differenzialgeh\u00e4use (H\u00f6he 33 mm)&lt;br \/&gt; \">Differential housing (height 33 mm)<br \/>\n<\/span><span style=\"box-sizing: border-box; margin: 0px; padding: 0px;\" title=\"- 12-fach Kugelgelagert&lt;br \/&gt; \">&#8211; 12-way ball bearing<br \/>\n<\/span><span style=\"box-sizing: border-box; margin: 0px; padding: 0px;\" title=\"- Geh\u00e4rtete Stahlkegelr\u00e4der&lt;br \/&gt; \">&#8211; Hardened steel bevel gears<br \/>\n<\/span><span style=\"box-sizing: border-box; margin: 0px; padding: 0px;\" title=\"- Achs\u00fcbersetzung 1:2,66&lt;br \/&gt; \">&#8211; axle ratio 1: 2,66<br \/>\n<\/span><span style=\"box-sizing: border-box; margin: 0px; padding: 0px;\" title=\"- 5 mm Getriebe-\/Eingangswelle&lt;br \/&gt; \">&#8211; 5 mm transmission \/ input shaft<br \/>\n<\/span><span style=\"box-sizing: border-box; margin: 0px; padding: 0px;\" title=\"- Aluminium Felgenmitnehmer 12 mm Sechskant&lt;br \/&gt; \">&#8211; Aluminum rim driver 12 mm hexagon<br \/>\n<\/span><span style=\"box-sizing: border-box; margin: 0px; padding: 0px;\" title=\"- Einfacher Umbau zur Achse mit und ohne Durchtrieb (beide Wellen und Geh\u00e4usedeckel sind im Achsbausatz enthalten)&lt;br \/&gt; \">&#8211; Easy conversion to the axle with and without drive (both shafts and housing covers are included in the axle kit)<br \/>\n<\/span><span style=\"box-sizing: border-box; margin: 0px; padding: 0px;\" title=\"- Abmessungen Hinterachse LxBxH: 44 x 135 x 33 mm&lt;br \/&gt; \">&#8211; Dimensions rear axle LxBxH: 44 x 135 x 33 mm<br \/>\n<\/span><span style=\"box-sizing: border-box; margin: 0px; padding: 0px;\" title=\"- Gewicht ca. 150 g&lt;br \/&gt; \">&#8211; Weight approx. 150 g<br \/>\n<\/span><span style=\"box-sizing: border-box; margin: 0px; padding: 0px;\" title=\"- Lieferung erfolgt als Bausatz mit vormontiertem Differenzial&lt;br \/&gt; \">&#8211; Delivered as kit with pre-assembled differential<br \/>\n<\/span><span style=\"box-sizing: border-box; margin: 0px; padding: 0px;\" title=\"- Passend f\u00fcr TAMIYA Pendel- und Einzelradaufh\u00e4ngung&lt;br \/&gt; \">&#8211; Suitable for TAMIYA suspension and independent suspension<br \/>\n<\/span><span style=\"box-sizing: border-box; margin: 0px; padding: 0px;\" title=\"- Passend f\u00fcr alle TAMIYA und CARSON Truckfelgen mit 12 mm Sechskantmitnehmer&lt;br \/&gt; \">&#8211; Suitable for all TAMIYA and CARSON truck rims with 12 mm hexagonal driver<br \/>\n<\/span><span title=\"- Selbstsperrendes Differenzial (Schaltservo, Anlenkungen und Bowdenz\u00fcge werden nicht ben\u00f6tigt)\">&#8211; Self-locking differential (shifter servo, linkages and Bowden cables are not required)<\/span><\/p>\n<p><span title=\"- Selbstsperrendes Differenzial (Schaltservo, Anlenkungen und Bowdenz\u00fcge werden nicht ben\u00f6tigt)\">item code 907268<\/span><\/p>\n<p><a href=\"https:\/\/www.veroma-modellbau.eu\/datenblaetter_pdf\/907268 Hinterachse_m_selbstsperrendem_differenzial.pdf\" target=\"_blank\" rel=\"noopener\"><img decoding=\"async\" class=\"alignnone size-full wp-image-60656\" src=\"https:\/\/www.veroma-modellbau.eu\/wp-content\/uploads\/2018\/05\/pdf_datenblatt_en.png\" alt=\"\" width=\"60\" height=\"89\" \/><\/a><\/p>\n","protected":false},"featured_media":57288,"comment_status":"open","ping_status":"closed","template":"","meta":[],"product_brand":[],"product_cat":[986,989],"product_tag":[],"class_list":{"0":"post-58069","1":"product","2":"type-product","3":"status-publish","4":"has-post-thumbnail","6":"product_cat-truck-parts-scale-1-14","7":"product_cat-truck-axles-scale-1-14-en","8":"pa_delivery_time-approx-2-3-days","10":"first","11":"instock","12":"taxable","13":"shipping-taxable","14":"purchasable","15":"product-type-simple"},"_links":{"self":[{"href":"https:\/\/www.veroma-modellbau.eu\/en\/wp-json\/wp\/v2\/product\/58069","targetHints":{"allow":["GET"]}}],"collection":[{"href":"https:\/\/www.veroma-modellbau.eu\/en\/wp-json\/wp\/v2\/product"}],"about":[{"href":"https:\/\/www.veroma-modellbau.eu\/en\/wp-json\/wp\/v2\/types\/product"}],"replies":[{"embeddable":true,"href":"https:\/\/www.veroma-modellbau.eu\/en\/wp-json\/wp\/v2\/comments?post=58069"}],"wp:featuredmedia":[{"embeddable":true,"href":"https:\/\/www.veroma-modellbau.eu\/en\/wp-json\/wp\/v2\/media\/57288"}],"wp:attachment":[{"href":"https:\/\/www.veroma-modellbau.eu\/en\/wp-json\/wp\/v2\/media?parent=58069"}],"wp:term":[{"taxonomy":"product_brand","embeddable":true,"href":"https:\/\/www.veroma-modellbau.eu\/en\/wp-json\/wp\/v2\/product_brand?post=58069"},{"taxonomy":"product_cat","embeddable":true,"href":"https:\/\/www.veroma-modellbau.eu\/en\/wp-json\/wp\/v2\/product_cat?post=58069"},{"taxonomy":"product_tag","embeddable":true,"href":"https:\/\/www.veroma-modellbau.eu\/en\/wp-json\/wp\/v2\/product_tag?post=58069"}],"curies":[{"name":"wp","href":"https:\/\/api.w.org\/{rel}","templated":true}]}}