{"id":58014,"date":"2017-11-10T07:53:43","date_gmt":"2017-11-10T06:53:43","guid":{"rendered":"https:\/\/www.veromashop.de\/produkt\/driven-front-axle-with-self-locking-differential\/"},"modified":"2026-01-01T03:37:10","modified_gmt":"2026-01-01T02:37:10","slug":"driven-front-axle-with-self-locking-differential","status":"publish","type":"product","link":"https:\/\/www.veroma-modellbau.eu\/en\/shop\/driven-front-axle-with-self-locking-differential\/","title":{"rendered":"Driven front axle with self-locking differential"},"content":{"rendered":"<p><strong>Driven front axle with self-locking differential<\/strong>, very true to detail, for truck models in the scale 1\/16.<\/p>\n<p><span title=\"Die Achse ist mit einem selbstsperrenden Differenzial ausgestattet und kann mit, wie auch ohne Durchtrieb gebaut werden, es sind beide Wellen und Achsdeckel im Lieferumfang enthalten.\">The axle is equipped with a self-locking differential and can be built with, as well as without through drive, both shafts and axle covers are included.\u00a0<\/span><span title=\"Die Antriebsachse ist permanent gesperrt und macht bei einer Kurvenfahrt auf.\">The drive axle is permanently locked and opens when cornering.\u00a0<\/span><span title=\"Ein gro\u00dfer Vorteil dieser Antriebsachse ist, dass KEINE Schaltservos, Bowdenz\u00fcge und Anlenkungen f\u00fcr die Differenzialsperren ben\u00f6tigt werden.\">A big advantage of this drive axle is that NO shift servos, Bowden cables and linkages for the differential locks are needed.\u00a0<\/span><span title=\"Dies kommt auch der \u00dcbersichtlichkeit und dem Platzangebot im Fahrgestell zu gute.\">This is also the clarity and the space in the chassis to good.\u00a0<\/span><span style=\"box-sizing: border-box; margin: 0px; padding: 0px;\" title=\"Die Achskomponenten sind in einem hochbelastbaren verst\u00e4rkten Kunststoffachsgeh\u00e4use untergebracht.&lt;br \/&gt; &lt;br \/&gt; \">The axle components are housed in a heavy-duty reinforced plastic axle housing.<\/span><\/p>\n<p><span style=\"box-sizing: border-box; margin: 0px; padding: 0px;\" title=\"\u2022 Detailgetreu nachempfundene Vorderachse&lt;br \/&gt; &lt;br \/&gt; \">\u2022 Lifelike front axle<\/span><\/p>\n<p><span style=\"box-sizing: border-box; margin: 0px; padding: 0px;\" title=\"\u2022 hohe Bodenfreiheit durch ein \u201eschlankes\u201c Differenzialgeh\u00e4use (H\u00f6he 35 mm)&lt;br \/&gt; &lt;br \/&gt; \">\u2022 high ground clearance thanks to a &#8220;slim&#8221; differential housing (height 35 mm)<\/span><\/p>\n<p><span style=\"box-sizing: border-box; margin: 0px; padding: 0px;\" title=\"\u2022 13-fach kugelgelagert&lt;br \/&gt; &lt;br \/&gt; \">\u2022 13-times ball-bearing<\/span><\/p>\n<p><span style=\"box-sizing: border-box; margin: 0px; padding: 0px;\" title=\"\u2022 selbstsperrendes Differenzial (Schaltservo, Anlenkungen und Bowdenz\u00fcge werden nicht ben\u00f6tigt)&lt;br \/&gt; &lt;br \/&gt; \">\u2022 self-locking differential (shift servo, linkages and Bowden cables are not required)<\/span><\/p>\n<p><span style=\"box-sizing: border-box; margin: 0px; padding: 0px;\" title=\"\u2022 geh\u00e4rtete Stahlkegelr\u00e4der&lt;br \/&gt; &lt;br \/&gt; \">\u2022 Hardened steel bevel gears<\/span><\/p>\n<p><span style=\"box-sizing: border-box; margin: 0px; padding: 0px;\" title=\"\u2022 Achs\u00fcbersetzung 1:3, die Drehrichtung kann durch entsprechenden Einbau des Differenzial an Ihrem Modell angepasst werden.&lt;br \/&gt; &lt;br \/&gt; \">\u2022 Axial ratio 1: 3, the direction of rotation can be adjusted by fitting the differential to your model.<\/span><\/p>\n<p><span style=\"box-sizing: border-box; margin: 0px; padding: 0px;\" title=\"\u2022 4 mm Getriebe-\/Eingangswelle&lt;br \/&gt; &lt;br \/&gt; \">\u2022 4 mm transmission \/ input shaft<\/span><\/p>\n<p><span style=\"box-sizing: border-box; margin: 0px; padding: 0px;\" title=\"\u2022 Achswelle 6mm, passend f\u00fcr die g\u00e4ngigsten Felgen im Ma\u00dfstab 1\/16&lt;br \/&gt; &lt;br \/&gt; \">\u2022 Axle shaft 6mm, fits the most popular rims in 1\/16 scale<\/span><\/p>\n<p><span style=\"box-sizing: border-box; margin: 0px; padding: 0px;\" title=\"\u2022 einfacher Umbau zur Achse mit und ohne Durchtrieb (beide Wellen und Achsdeckel sind im Bausatz enthalten)&lt;br \/&gt; &lt;br \/&gt; \">\u2022 simple conversion to the axle with and without through drive (both shafts and axle covers are included in the kit)<\/span><\/p>\n<p><span style=\"box-sizing: border-box; margin: 0px; padding: 0px;\" title=\"\u2022 Abmessungen Vorderachse LxBxH: 57 x 167 x 35 mm&lt;br \/&gt; &lt;br \/&gt; \">\u2022 Dimensions front axle LxWxH: 57 x 167 x 35 mm<\/span><\/p>\n<p><span style=\"box-sizing: border-box; margin: 0px; padding: 0px;\" title=\"\u2022 mit angeflanschter Radnabe, passend f\u00fcr die g\u00e4ngigsten Felgen im Ma\u00dfstab 1\/16&lt;br \/&gt; &lt;br \/&gt; \">\u2022 with flanged wheel hub, suitable for the most common rims in 1\/16 scale<\/span><\/p>\n<p><span style=\"box-sizing: border-box; margin: 0px; padding: 0px;\" title=\"\u2022 Gewicht ca. 160 g&lt;br \/&gt; &lt;br \/&gt; \">\u2022 Weight approx. 160 g<\/span><\/p>\n<p><span style=\"box-sizing: border-box; margin: 0px; padding: 0px;\" title=\"\u2022 Lieferung erfolgt als Bausatz mit vormontiertem Differenzial&lt;br \/&gt; &lt;br \/&gt; \">\u2022 Supplied as a kit with pre-assembled differential<\/span><\/p>\n<p><span title=\"\u2022 passend f\u00fcr die g\u00e4ngigsten Achsaufh\u00e4ngungen, inklusive Befestigungspunkt f\u00fcr Pendelachsaufh\u00e4ngungssysteme\">\u2022 suitable for the most common axle suspensions, including attachment point for pendulum suspension systems<\/span><\/p>\n<p><strong>Warning!\u00a0Not suitable for children under 14 years.<\/strong><\/p>\n","protected":false},"excerpt":{"rendered":"<p><strong>Driven front axle with self-locking differential<\/strong>, very true to detail, for truck models in the scale 1\/16.<\/p>\n<p><span title=\"Die Achse ist mit einem selbstsperrenden Differenzial ausgestattet und kann mit, wie auch ohne Durchtrieb gebaut werden, es sind beide Wellen und Achsdeckel im Lieferumfang enthalten.\">The axle is equipped with a self-locking differential and can be built with, as well as without through drive, both shafts and axle covers are included.\u00a0<\/span><span title=\"Die Antriebsachse ist permanent gesperrt und macht bei einer Kurvenfahrt auf.\">The drive axle is permanently locked and opens when cornering.\u00a0<\/span><span title=\"Ein gro\u00dfer Vorteil dieser Antriebsachse ist, dass KEINE Schaltservos, Bowdenz\u00fcge und Anlenkungen f\u00fcr die Differenzialsperren ben\u00f6tigt werden.\">A big advantage of this drive axle is that NO shift servos, Bowden cables and linkages for the differential locks are needed.\u00a0<\/span><span title=\"Dies kommt auch der \u00dcbersichtlichkeit und dem Platzangebot im Fahrgestell zu gute.\">This is also the clarity and the space in the chassis to good.\u00a0<\/span><span style=\"box-sizing: border-box; margin: 0px; padding: 0px;\" title=\"Die Achskomponenten sind in einem hochbelastbaren verst\u00e4rkten Kunststoffachsgeh\u00e4use untergebracht.&lt;br \/&gt; &lt;br \/&gt; \">The axle components are housed in a heavy-duty reinforced plastic axle housing.<\/span><\/p>\n<p><span style=\"box-sizing: border-box; margin: 0px; padding: 0px;\" title=\"\u2022 Detailgetreu nachempfundene Vorderachse&lt;br \/&gt; &lt;br \/&gt; \">\u2022 Lifelike front axle<\/span><\/p>\n<p><span style=\"box-sizing: border-box; margin: 0px; padding: 0px;\" title=\"\u2022 hohe Bodenfreiheit durch ein \u201eschlankes\u201c Differenzialgeh\u00e4use (H\u00f6he 35 mm)&lt;br \/&gt; &lt;br \/&gt; \">\u2022 high ground clearance thanks to a &#8220;slim&#8221; differential housing (height 35 mm)<\/span><\/p>\n<p><span style=\"box-sizing: border-box; margin: 0px; padding: 0px;\" title=\"\u2022 13-fach kugelgelagert&lt;br \/&gt; &lt;br \/&gt; \">\u2022 13-times ball-bearing<\/span><\/p>\n<p><span style=\"box-sizing: border-box; margin: 0px; padding: 0px;\" title=\"\u2022 selbstsperrendes Differenzial (Schaltservo, Anlenkungen und Bowdenz\u00fcge werden nicht ben\u00f6tigt)&lt;br \/&gt; &lt;br \/&gt; \">\u2022 self-locking differential (shift servo, linkages and Bowden cables are not required)<\/span><\/p>\n<p><span style=\"box-sizing: border-box; margin: 0px; padding: 0px;\" title=\"\u2022 geh\u00e4rtete Stahlkegelr\u00e4der&lt;br \/&gt; &lt;br \/&gt; \">\u2022 Hardened steel bevel gears<\/span><\/p>\n<p><span style=\"box-sizing: border-box; margin: 0px; padding: 0px;\" title=\"\u2022 Achs\u00fcbersetzung 1:3, die Drehrichtung kann durch entsprechenden Einbau des Differenzial an Ihrem Modell angepasst werden.&lt;br \/&gt; &lt;br \/&gt; \">\u2022 Axial ratio 1: 3, the direction of rotation can be adjusted by fitting the differential to your model.<\/span><\/p>\n<p><span style=\"box-sizing: border-box; margin: 0px; padding: 0px;\" title=\"\u2022 4 mm Getriebe-\/Eingangswelle&lt;br \/&gt; &lt;br \/&gt; \">\u2022 4 mm transmission \/ input shaft<\/span><\/p>\n<p><span style=\"box-sizing: border-box; margin: 0px; padding: 0px;\" title=\"\u2022 Achswelle 6mm, passend f\u00fcr die g\u00e4ngigsten Felgen im Ma\u00dfstab 1\/16&lt;br \/&gt; &lt;br \/&gt; \">\u2022 Axle shaft 6mm, fits the most popular rims in 1\/16 scale<\/span><\/p>\n<p><span style=\"box-sizing: border-box; margin: 0px; padding: 0px;\" title=\"\u2022 einfacher Umbau zur Achse mit und ohne Durchtrieb (beide Wellen und Achsdeckel sind im Bausatz enthalten)&lt;br \/&gt; &lt;br \/&gt; \">\u2022 simple conversion to the axle with and without through drive (both shafts and axle covers are included in the kit)<\/span><\/p>\n<p><span style=\"box-sizing: border-box; margin: 0px; padding: 0px;\" title=\"\u2022 Abmessungen Vorderachse LxBxH: 57 x 167 x 35 mm&lt;br \/&gt; &lt;br \/&gt; \">\u2022 Dimensions front axle LxWxH: 57 x 167 x 35 mm<\/span><\/p>\n<p><span style=\"box-sizing: border-box; margin: 0px; padding: 0px;\" title=\"\u2022 mit angeflanschter Radnabe, passend f\u00fcr die g\u00e4ngigsten Felgen im Ma\u00dfstab 1\/16&lt;br \/&gt; &lt;br \/&gt; \">\u2022 with flanged wheel hub, suitable for the most common rims in 1\/16 scale<\/span><\/p>\n<p><span style=\"box-sizing: border-box; margin: 0px; padding: 0px;\" title=\"\u2022 Gewicht ca. 160 g&lt;br \/&gt; &lt;br \/&gt; \">\u2022 Weight approx. 160 g<\/span><\/p>\n<p><span style=\"box-sizing: border-box; margin: 0px; padding: 0px;\" title=\"\u2022 Lieferung erfolgt als Bausatz mit vormontiertem Differenzial&lt;br \/&gt; &lt;br \/&gt; \">\u2022 Supplied as a kit with pre-assembled differential<\/span><\/p>\n<p><span title=\"\u2022 passend f\u00fcr die g\u00e4ngigsten Achsaufh\u00e4ngungen, inklusive Befestigungspunkt f\u00fcr Pendelachsaufh\u00e4ngungssysteme\">\u2022 suitable for the most common axle suspensions, including attachment point for pendulum suspension systems<\/span><\/p>\n<p>item code: 251215<\/p>\n<p><a href=\"https:\/\/veroma-modellbau.eu\/datenblaetter_pdf\/251215_Datenblatt.PDF\" target=\"_blank\" rel=\"noopener\"><img decoding=\"async\" class=\"alignnone size-full wp-image-60656\" src=\"https:\/\/www.veroma-modellbau.eu\/wp-content\/uploads\/2018\/05\/pdf_datenblatt_en.png\" alt=\"\" width=\"60\" height=\"89\" \/><\/a><\/p>\n<p><strong>Warning!\u00a0Not suitable for children under 14 years.<\/strong><\/p>\n","protected":false},"featured_media":57412,"comment_status":"open","ping_status":"closed","template":"","meta":[],"product_brand":[],"product_cat":[993,1070],"product_tag":[],"class_list":{"0":"post-58014","1":"product","2":"type-product","3":"status-publish","4":"has-post-thumbnail","6":"product_cat-truck-parts-scale-1-16","7":"product_cat-truck-axles-scale-1-16-en","8":"pa_delivery_time-approx-2-3-days","10":"first","11":"instock","12":"taxable","13":"shipping-taxable","14":"purchasable","15":"product-type-simple"},"_links":{"self":[{"href":"https:\/\/www.veroma-modellbau.eu\/en\/wp-json\/wp\/v2\/product\/58014","targetHints":{"allow":["GET"]}}],"collection":[{"href":"https:\/\/www.veroma-modellbau.eu\/en\/wp-json\/wp\/v2\/product"}],"about":[{"href":"https:\/\/www.veroma-modellbau.eu\/en\/wp-json\/wp\/v2\/types\/product"}],"replies":[{"embeddable":true,"href":"https:\/\/www.veroma-modellbau.eu\/en\/wp-json\/wp\/v2\/comments?post=58014"}],"wp:featuredmedia":[{"embeddable":true,"href":"https:\/\/www.veroma-modellbau.eu\/en\/wp-json\/wp\/v2\/media\/57412"}],"wp:attachment":[{"href":"https:\/\/www.veroma-modellbau.eu\/en\/wp-json\/wp\/v2\/media?parent=58014"}],"wp:term":[{"taxonomy":"product_brand","embeddable":true,"href":"https:\/\/www.veroma-modellbau.eu\/en\/wp-json\/wp\/v2\/product_brand?post=58014"},{"taxonomy":"product_cat","embeddable":true,"href":"https:\/\/www.veroma-modellbau.eu\/en\/wp-json\/wp\/v2\/product_cat?post=58014"},{"taxonomy":"product_tag","embeddable":true,"href":"https:\/\/www.veroma-modellbau.eu\/en\/wp-json\/wp\/v2\/product_tag?post=58014"}],"curies":[{"name":"wp","href":"https:\/\/api.w.org\/{rel}","templated":true}]}}